{"id":1648,"date":"2018-04-24T15:01:58","date_gmt":"2018-04-24T15:01:58","guid":{"rendered":"https:\/\/doctorpalma.cl\/index.php\/mission-values\/"},"modified":"2023-04-03T17:54:07","modified_gmt":"2023-04-03T20:54:07","slug":"medicina-interna","status":"publish","type":"page","link":"https:\/\/doctorpalma.cl\/index.php\/medicina-interna\/","title":{"rendered":"Medicina Interna"},"content":{"rendered":"<div id=\"seasidetms_row_1b9tdtwk2c\" class=\"seasidetms_row seasidetms_color_scheme_default seasidetms_row_top_default seasidetms_row_bot_default seasidetms_row_boxed\">\n<div class=\"seasidetms_row_outer_parent\">\n<div class=\"seasidetms_row_outer\">\n<div class=\"seasidetms_row_inner\">\n<div class=\"seasidetms_row_margin\">\n<div id=\"seasidetms_column_f7np75dyja\" class=\"seasidetms_column one_half\">\n<div class=\"seasidetms_column_inner\"><div id=\"seasidetms_heading_s5ahxbpn78\" class=\"seasidetms_heading_wrap seasidetms_heading_align_left\">\n\t<h2 class=\"seasidetms_heading\">&#8220;La medicina interna es la especialidad que aborda la salud del adulto de manera integral.&#8221;<\/h2>\n<\/div><div class=\"seasidetms_text\">\n<p>La Medicina Interna es una especialidad m\u00e9dica que se centra en el diagn\u00f3stico y tratamiento de enfermedades en adultos. Los m\u00e9dicos internistas, tambi\u00e9n conocidos como internistas, tienen una amplia formaci\u00f3n en diferentes \u00e1reas m\u00e9dicas, incluyendo la cardiolog\u00eda, la endocrinolog\u00eda, la gastroenterolog\u00eda, la hematolog\u00eda, la nefrolog\u00eda, la oncolog\u00eda, la neumolog\u00eda, la reumatolog\u00eda, entre otras.<\/p>\n<p>Los internistas se encargan de tratar enfermedades que afectan a m\u00faltiples \u00f3rganos o sistemas del cuerpo y que pueden ser complicadas o dif\u00edciles de diagnosticar. Utilizan t\u00e9cnicas avanzadas de diagn\u00f3stico y tratamiento, como pruebas de laboratorio, im\u00e1genes m\u00e9dicas y procedimientos invasivos.<\/p>\n<p>Adem\u00e1s de tratar enfermedades, los internistas tambi\u00e9n se centran en la prevenci\u00f3n de enfermedades y promoci\u00f3n de la salud. Trabajan con los pacientes para ayudarles a controlar las condiciones cr\u00f3nicas, como la diabetes y la hipertensi\u00f3n arterial, y para hacer cambios en el estilo de vida que pueden mejorar su salud.<\/p>\n<p>Los m\u00e9dicos internistas pueden trabajar en hospitales, cl\u00ednicas y consultorios privados. Tambi\u00e9n pueden trabajar en equipos multidisciplinarios junto con otros especialistas m\u00e9dicos y de la salud para proporcionar atenci\u00f3n integral a los pacientes.<\/p>\n<\/div>\n<div id=\"seasidetms_divider_bgx7ngdig5\" class=\"cl\"><\/div>\n<\/div><\/div>\n<div id=\"seasidetms_column_lr31ez9lig\" class=\"seasidetms_column one_half\">\n<div class=\"seasidetms_column_inner\"><div class=\"seasidetms_img  seasidetms_image_n\"><img src=\"https:\/\/doctorpalma.cl\/wp-content\/uploads\/2023\/04\/internal-medicine-1-1.jpeg\" \/><\/div>\n<\/div><\/div>\n<\/div>\n<\/div>\n<\/div>\n<\/div>\n<\/div>\n<div id=\"seasidetms_row_y0e8ac3yr\" class=\"seasidetms_row seasidetms_color_scheme_default seasidetms_row_top_default seasidetms_row_bot_default seasidetms_row_boxed\">\n<div class=\"seasidetms_row_outer_parent\">\n<div class=\"seasidetms_row_outer\">\n<div class=\"seasidetms_row_inner seasidetms_row_no_margin\">\n<div class=\"seasidetms_row_margin seasidetms_row_columns_behavior\">\n<div id=\"seasidetms_column_a8x5yt7fsi\" class=\"seasidetms_column one_third\">\n<div class=\"seasidetms_column_inner\"><div id=\"seasidetms_heading_bjpm2frrli\" class=\"seasidetms_heading_wrap seasidetms_heading_align_left\">\n\t<h3 class=\"seasidetms_heading\">Enfoque Integral<\/h3>\n<\/div><div class=\"seasidetms_text\">\n<h6 style=\"text-align: left;\"><span style=\"color: #97edff;\">Tratamiento del paciente como un todo.\u00a0<\/span><\/h6>\n<\/div>\n<div id=\"seasidetms_divider_v4vcrrmmv\" class=\"cl\"><\/div>\n<div class=\"seasidetms_text\">\n<p><span style=\"color: #ffffff;\">La medicina interna se enfoca en tratar al paciente como un todo, abordando todas las enfermedades y condiciones m\u00e9dicas que puedan afectar su salud.\u00a0<\/span><\/p>\n<\/div>\n\n<div id=\"seasidetms_divider_t7mrk3zni\" class=\"cl\"><\/div>\n<\/div><\/div>\n<div id=\"seasidetms_column_f1e7jmrb32\" class=\"seasidetms_column one_third\">\n<div class=\"seasidetms_column_inner\"><div id=\"seasidetms_heading_la1zj2ljkk\" class=\"seasidetms_heading_wrap seasidetms_heading_align_left\">\n\t<h3 class=\"seasidetms_heading\">Diagn\u00f3stico preciso<\/h3>\n<\/div><div class=\"seasidetms_text\">\n<h6 style=\"text-align: left;\"><span style=\"color: #06b3e5;\">Uso de herramientas de evaluaci\u00f3n cl\u00ednica avanzada.<\/span><\/h6>\n<\/div>\n<div id=\"seasidetms_divider_j7tabgrob\" class=\"cl\"><\/div>\n<div class=\"seasidetms_text\">\n<p><span style=\"color: #ffffff;\">Los internistas son expertos en diagnosticar enfermedades dif\u00edciles y complejas a trav\u00e9s de una combinaci\u00f3n de pruebas y evaluaci\u00f3n cl\u00ednica<\/span><\/p>\n<\/div>\n\n<div id=\"seasidetms_divider_1w0gj34ag9\" class=\"cl\"><\/div>\n<\/div><\/div>\n<div id=\"seasidetms_column_5x2liltyu\" class=\"seasidetms_column one_third\">\n<div class=\"seasidetms_column_inner\"><div id=\"seasidetms_heading_82y2gobsw\" class=\"seasidetms_heading_wrap seasidetms_heading_align_left\">\n\t<h3 class=\"seasidetms_heading\">Prevenci\u00f3n y manejo <\/h3>\n<\/div><div class=\"seasidetms_text\">\n<h6 style=\"text-align: left;\"><span style=\"color: #5f87e3;\">De enfermedades cr\u00f3nicas.\u00a0<\/span><\/h6>\n<\/div>\n<div id=\"seasidetms_divider_bq22bktjy\" class=\"cl\"><\/div>\n<div class=\"seasidetms_text\">\n<p><span style=\"color: #ffffff;\">Los internistas ayudan a prevenir enfermedades y a manejar condiciones cr\u00f3nicas como la diabetes, la hipertensi\u00f3n y la enfermedad cardiovascular, con un enfoque en la promoci\u00f3n de la salud y la prevenci\u00f3n de complicaciones.<\/span><\/p>\n<\/div>\n\n<div id=\"seasidetms_divider_gsd1xgr4ej\" class=\"cl\"><\/div>\n<\/div><\/div>\n<\/div>\n<\/div>\n<\/div>\n<\/div>\n<\/div>\n<div id=\"seasidetms_row_w1dhxxnczc\" class=\"seasidetms_row seasidetms_color_scheme_default seasidetms_row_top_default seasidetms_row_bot_default seasidetms_row_boxed\">\n<div class=\"seasidetms_row_outer_parent\">\n<div class=\"seasidetms_row_outer\">\n<div class=\"seasidetms_row_inner\">\n<div class=\"seasidetms_row_margin\">\n<div id=\"seasidetms_column_p9a2e8w27m\" class=\"seasidetms_column one_first\">\n<div class=\"seasidetms_column_inner\"><div id=\"seasidetms_heading_djabadqwnv\" class=\"seasidetms_heading_wrap seasidetms_heading_align_center\">\n\t<h2 class=\"seasidetms_heading\">Art\u00edculos recientes<\/h2>\n<\/div><div id=\"seasidetms_heading_594raa27d\" class=\"seasidetms_heading_wrap seasidetms_heading_align_center\">\n\t<h6 class=\"seasidetms_heading\"><\/h6>\n<\/div><div class=\"seasidetms_posts_slider post\" >\r\n\t\t<div id=\"seasidetms_slider_43voo2a9p\" class=\"seasidetms_owl_slider owl-carousel\" data-items=\"4\" data-single-item=\"false\" data-auto-play=\"5000\"><div class=\"seasidetms_owl_slider_item\"><!-- Start Posts Slider Post Article -->\r\n<article id=\"post-126\" class=\"seasidetms_slider_post post-126 post type-post status-publish format-standard has-post-thumbnail hentry category-pediatrics tag-child tag-healthy tag-temperature\">\r\n\t<div class=\"seasidetms_slider_post_outer\">\r\n\t<div class=\"seasidetms_slider_post_img_wrap\"><figure class=\"seasidetms_img_rollover_wrap preloader\"><img width=\"580\" height=\"370\" src=\"https:\/\/doctorpalma.cl\/wp-content\/uploads\/2018\/03\/medicina-interna-333-580x370.jpg\" class=\"full-width wp-post-image\" alt=\"\u00bfQu\u00e9 es la medicina interna y c\u00f3mo puede ayudarme?&#8221;\" decoding=\"async\" loading=\"lazy\" title=\"medicina-interna-333\" \/><div class=\"seasidetms_img_rollover\"><a href=\"https:\/\/doctorpalma.cl\/index.php\/2023\/04\/03\/sick-kid-how-to-deal-with-a-childs-fever-8-steps\/\" title=\"\u00bfQu\u00e9 es la medicina interna y c\u00f3mo puede ayudarme?&#8221;\" class=\"seasidetms_open_post_link\">Read more<\/a><\/div><\/figure><\/div><div class=\"seasidetms_slider_post_inner\"><span class=\"seasidetms_slider_post_date\"><abbr class=\"published\" title=\"Abril 3, 2023\">Abril 3, 2023<\/abbr><abbr class=\"dn date updated\" title=\"Abril 3, 2023\">Abril 3, 2023<\/abbr><\/span><header class=\"seasidetms_slider_post_header entry-header\"><h4 class=\"seasidetms_slider_post_title entry-title\"><a href=\"https:\/\/doctorpalma.cl\/index.php\/2023\/04\/03\/sick-kid-how-to-deal-with-a-childs-fever-8-steps\/\">\u00bfQu\u00e9 es la medicina interna y c\u00f3mo puede ayudarme?&#8221;<\/a><\/h4><\/header><div class=\"seasidetms_slider_post_content entry-content\">\n<p>La medicina interna se enfoca en el cuidado de adultos y los m\u00e9dicos internistas est\u00e1n altamente capacitados para diagnosticar y tratar una amplia variedad de enfermedades en esta poblaci\u00f3n.<\/p>\n<\/div>\n<\/div>\t<\/div>\r\n<\/article>\r\n<!-- Finish Posts Slider Post Article -->\r\n\r\n<\/div><div class=\"seasidetms_owl_slider_item\"><!-- Start Posts Slider Post Article -->\r\n<article id=\"post-114\" class=\"seasidetms_slider_post post-114 post type-post status-publish format-standard has-post-thumbnail hentry category-lifestyle-and-diet tag-fitness tag-health tag-training\">\r\n\t<div class=\"seasidetms_slider_post_outer\">\r\n\t<div class=\"seasidetms_slider_post_img_wrap\"><figure class=\"seasidetms_img_rollover_wrap preloader\"><img width=\"580\" height=\"370\" src=\"https:\/\/doctorpalma.cl\/wp-content\/uploads\/2018\/03\/cardio-580x370.png\" class=\"full-width wp-post-image\" alt=\"Consejos para mantener una buena salud cardiovascular\" decoding=\"async\" loading=\"lazy\" title=\"cardio\" \/><div class=\"seasidetms_img_rollover\"><a href=\"https:\/\/doctorpalma.cl\/index.php\/2023\/03\/28\/work-your-core-exercises-for-better-health\/\" title=\"Consejos para mantener una buena salud cardiovascular\" class=\"seasidetms_open_post_link\">Read more<\/a><\/div><\/figure><\/div><div class=\"seasidetms_slider_post_inner\"><span class=\"seasidetms_slider_post_date\"><abbr class=\"published\" title=\"Marzo 28, 2023\">Marzo 28, 2023<\/abbr><abbr class=\"dn date updated\" title=\"Abril 3, 2023\">Abril 3, 2023<\/abbr><\/span><header class=\"seasidetms_slider_post_header entry-header\"><h4 class=\"seasidetms_slider_post_title entry-title\"><a href=\"https:\/\/doctorpalma.cl\/index.php\/2023\/03\/28\/work-your-core-exercises-for-better-health\/\">Consejos para mantener una buena salud cardiovascular<\/a><\/h4><\/header><div class=\"seasidetms_slider_post_content entry-content\">\n<p>Es esencial cuidar la salud cardiovascular para una vida larga y saludable. El art\u00edculo presenta consejos pr\u00e1cticos para prevenir enfermedades cardiovasculares y reducir el riesgo de complicaciones.<\/p>\n<\/div>\n<\/div>\t<\/div>\r\n<\/article>\r\n<!-- Finish Posts Slider Post Article -->\r\n\r\n<\/div><div class=\"seasidetms_owl_slider_item\"><!-- Start Posts Slider Post Article -->\r\n<article id=\"post-52\" class=\"seasidetms_slider_post post-52 post type-post status-publish format-standard has-post-thumbnail hentry category-womens-health tag-health tag-menopause tag-symptoms tag-women\">\r\n\t<div class=\"seasidetms_slider_post_outer\">\r\n\t<div class=\"seasidetms_slider_post_img_wrap\"><figure class=\"seasidetms_img_rollover_wrap preloader\"><img width=\"580\" height=\"370\" src=\"https:\/\/doctorpalma.cl\/wp-content\/uploads\/2018\/03\/diabe-580x370.jpg\" class=\"full-width wp-post-image\" alt=\"\u00bfC\u00f3mo prevenir la diabetes?\" decoding=\"async\" loading=\"lazy\" title=\"diabe\" \/><div class=\"seasidetms_img_rollover\"><a href=\"https:\/\/doctorpalma.cl\/index.php\/2023\/02\/25\/hormone-therapy-in-the-menopause-transition\/\" title=\"\u00bfC\u00f3mo prevenir la diabetes?\" class=\"seasidetms_open_post_link\">Read more<\/a><\/div><\/figure><\/div><div class=\"seasidetms_slider_post_inner\"><span class=\"seasidetms_slider_post_date\"><abbr class=\"published\" title=\"Febrero 25, 2023\">Febrero 25, 2023<\/abbr><abbr class=\"dn date updated\" title=\"Abril 3, 2023\">Abril 3, 2023<\/abbr><\/span><header class=\"seasidetms_slider_post_header entry-header\"><h4 class=\"seasidetms_slider_post_title entry-title\"><a href=\"https:\/\/doctorpalma.cl\/index.php\/2023\/02\/25\/hormone-therapy-in-the-menopause-transition\/\">\u00bfC\u00f3mo prevenir la diabetes?<\/a><\/h4><\/header><div class=\"seasidetms_slider_post_content entry-content\">\n<p>La diabetes es una enfermedad cr\u00f3nica com\u00fan en todo el mundo, pero hay muchas medidas que se pueden tomar para prevenir la diabetes tipo 2 y mantener niveles saludables de glucosa en sangre.<\/p>\n<\/div>\n<\/div>\t<\/div>\r\n<\/article>\r\n<!-- Finish Posts Slider Post Article -->\r\n\r\n<\/div><div class=\"seasidetms_owl_slider_item\"><!-- Start Posts Slider Post Article -->\r\n<article id=\"post-65\" class=\"seasidetms_slider_post post-65 post type-post status-publish format-standard has-post-thumbnail hentry category-medicine tag-virology tag-virus tag-zika\">\r\n\t<div class=\"seasidetms_slider_post_outer\">\r\n\t<div class=\"seasidetms_slider_post_img_wrap\"><figure class=\"seasidetms_img_rollover_wrap preloader\"><img width=\"580\" height=\"370\" src=\"https:\/\/doctorpalma.cl\/wp-content\/uploads\/2018\/03\/dolorcronico-580x370.jpeg\" class=\"full-width wp-post-image\" alt=\"\u00bfC\u00f3mo manejar el dolor cr\u00f3nico?\" decoding=\"async\" loading=\"lazy\" title=\"dolorcronico\" \/><div class=\"seasidetms_img_rollover\"><a href=\"https:\/\/doctorpalma.cl\/index.php\/2023\/01\/26\/should-you-still-be-worried-about-the-zika-virus\/\" title=\"\u00bfC\u00f3mo manejar el dolor cr\u00f3nico?\" class=\"seasidetms_open_post_link\">Read more<\/a><\/div><\/figure><\/div><div class=\"seasidetms_slider_post_inner\"><span class=\"seasidetms_slider_post_date\"><abbr class=\"published\" title=\"Enero 26, 2023\">Enero 26, 2023<\/abbr><abbr class=\"dn date updated\" title=\"Abril 3, 2023\">Abril 3, 2023<\/abbr><\/span><header class=\"seasidetms_slider_post_header entry-header\"><h4 class=\"seasidetms_slider_post_title entry-title\"><a href=\"https:\/\/doctorpalma.cl\/index.php\/2023\/01\/26\/should-you-still-be-worried-about-the-zika-virus\/\">\u00bfC\u00f3mo manejar el dolor cr\u00f3nico?<\/a><\/h4><\/header><div class=\"seasidetms_slider_post_content entry-content\">\n<p>Es importante mantener una buena salud cardiovascular para una vida larga y saludable. Este art\u00edculo proporciona consejos pr\u00e1cticos para prevenir enfermedades cardiovasculares y reducir el riesgo de complicaciones.<\/p>\n<\/div>\n<\/div>\t<\/div>\r\n<\/article>\r\n<!-- Finish Posts Slider Post Article -->\r\n\r\n<\/div><\/div><\/div>\n<\/div><\/div>\n<\/div>\n<\/div>\n<\/div>\n<\/div>\n<\/div>\n\n","protected":false},"excerpt":{"rendered":"","protected":false},"author":1,"featured_media":4682,"parent":0,"menu_order":0,"comment_status":"closed","ping_status":"closed","template":"","meta":[],"yoast_head":"<!-- This site is optimized with the Yoast SEO plugin v20.4 - https:\/\/yoast.com\/wordpress\/plugins\/seo\/ -->\n<title>Medicina Interna - Doctor Palma<\/title>\n<meta name=\"description\" content=\"Medicina InternaLa Medicina Interna es una especialidad m\u00e9dica que se centra en el diagn\u00f3stico y tratamiento de enfermedades en adultos.\" \/>\n<meta name=\"robots\" content=\"index, follow, max-snippet:-1, max-image-preview:large, max-video-preview:-1\" \/>\n<link rel=\"canonical\" href=\"https:\/\/doctorpalma.cl\/index.php\/medicina-interna\/\" \/>\n<meta property=\"og:locale\" content=\"es_ES\" \/>\n<meta property=\"og:type\" content=\"article\" \/>\n<meta property=\"og:title\" content=\"Medicina Interna - Doctor Palma\" \/>\n<meta property=\"og:description\" content=\"Medicina InternaLa Medicina Interna es una especialidad m\u00e9dica que se centra en el diagn\u00f3stico y tratamiento de enfermedades en adultos.\" \/>\n<meta property=\"og:url\" content=\"https:\/\/doctorpalma.cl\/index.php\/medicina-interna\/\" \/>\n<meta property=\"og:site_name\" content=\"Doctor Palma\" \/>\n<meta property=\"article:modified_time\" content=\"2023-04-03T20:54:07+00:00\" \/>\n<meta property=\"og:image\" content=\"https:\/\/doctorpalma.cl\/wp-content\/uploads\/2023\/04\/internal-medicine-550X280.png\" \/>\n\t<meta property=\"og:image:width\" content=\"550\" \/>\n\t<meta property=\"og:image:height\" content=\"280\" \/>\n\t<meta property=\"og:image:type\" content=\"image\/png\" \/>\n<meta name=\"twitter:card\" content=\"summary_large_image\" \/>\n<meta name=\"twitter:label1\" content=\"Est. reading time\" \/>\n\t<meta name=\"twitter:data1\" content=\"3 minutos\" \/>\n<script type=\"application\/ld+json\" class=\"yoast-schema-graph\">{\"@context\":\"https:\/\/schema.org\",\"@graph\":[{\"@type\":\"WebPage\",\"@id\":\"https:\/\/doctorpalma.cl\/index.php\/medicina-interna\/\",\"url\":\"https:\/\/doctorpalma.cl\/index.php\/medicina-interna\/\",\"name\":\"Medicina Interna - Doctor Palma\",\"isPartOf\":{\"@id\":\"https:\/\/doctorpalma.cl\/#website\"},\"datePublished\":\"2018-04-24T15:01:58+00:00\",\"dateModified\":\"2023-04-03T20:54:07+00:00\",\"description\":\"Medicina InternaLa Medicina Interna es una especialidad m\u00e9dica que se centra en el diagn\u00f3stico y tratamiento de enfermedades en adultos.\",\"breadcrumb\":{\"@id\":\"https:\/\/doctorpalma.cl\/index.php\/medicina-interna\/#breadcrumb\"},\"inLanguage\":\"es-CL\",\"potentialAction\":[{\"@type\":\"ReadAction\",\"target\":[\"https:\/\/doctorpalma.cl\/index.php\/medicina-interna\/\"]}]},{\"@type\":\"BreadcrumbList\",\"@id\":\"https:\/\/doctorpalma.cl\/index.php\/medicina-interna\/#breadcrumb\",\"itemListElement\":[{\"@type\":\"ListItem\",\"position\":1,\"name\":\"Portada\",\"item\":\"https:\/\/doctorpalma.cl\/\"},{\"@type\":\"ListItem\",\"position\":2,\"name\":\"Medicina Interna\"}]},{\"@type\":\"WebSite\",\"@id\":\"https:\/\/doctorpalma.cl\/#website\",\"url\":\"https:\/\/doctorpalma.cl\/\",\"name\":\"Doctor Palma\",\"description\":\"Medicina Interna\",\"publisher\":{\"@id\":\"https:\/\/doctorpalma.cl\/#organization\"},\"potentialAction\":[{\"@type\":\"SearchAction\",\"target\":{\"@type\":\"EntryPoint\",\"urlTemplate\":\"https:\/\/doctorpalma.cl\/?s={search_term_string}\"},\"query-input\":\"required name=search_term_string\"}],\"inLanguage\":\"es-CL\"},{\"@type\":\"Organization\",\"@id\":\"https:\/\/doctorpalma.cl\/#organization\",\"name\":\"Doctor Palma\",\"url\":\"https:\/\/doctorpalma.cl\/\",\"logo\":{\"@type\":\"ImageObject\",\"inLanguage\":\"es-CL\",\"@id\":\"https:\/\/doctorpalma.cl\/#\/schema\/logo\/image\/\",\"url\":\"https:\/\/doctorpalma.cl\/wp-content\/uploads\/2021\/11\/cropped-icon_doctor.png\",\"contentUrl\":\"https:\/\/doctorpalma.cl\/wp-content\/uploads\/2021\/11\/cropped-icon_doctor.png\",\"width\":512,\"height\":512,\"caption\":\"Doctor Palma\"},\"image\":{\"@id\":\"https:\/\/doctorpalma.cl\/#\/schema\/logo\/image\/\"}}]}<\/script>\n<!-- \/ Yoast SEO plugin. -->","yoast_head_json":{"title":"Medicina Interna - Doctor Palma","description":"Medicina InternaLa Medicina Interna es una especialidad m\u00e9dica que se centra en el diagn\u00f3stico y tratamiento de enfermedades en adultos.","robots":{"index":"index","follow":"follow","max-snippet":"max-snippet:-1","max-image-preview":"max-image-preview:large","max-video-preview":"max-video-preview:-1"},"canonical":"https:\/\/doctorpalma.cl\/index.php\/medicina-interna\/","og_locale":"es_ES","og_type":"article","og_title":"Medicina Interna - Doctor Palma","og_description":"Medicina InternaLa Medicina Interna es una especialidad m\u00e9dica que se centra en el diagn\u00f3stico y tratamiento de enfermedades en adultos.","og_url":"https:\/\/doctorpalma.cl\/index.php\/medicina-interna\/","og_site_name":"Doctor Palma","article_modified_time":"2023-04-03T20:54:07+00:00","og_image":[{"width":550,"height":280,"url":"https:\/\/doctorpalma.cl\/wp-content\/uploads\/2023\/04\/internal-medicine-550X280.png","type":"image\/png"}],"twitter_card":"summary_large_image","twitter_misc":{"Est. reading time":"3 minutos"},"schema":{"@context":"https:\/\/schema.org","@graph":[{"@type":"WebPage","@id":"https:\/\/doctorpalma.cl\/index.php\/medicina-interna\/","url":"https:\/\/doctorpalma.cl\/index.php\/medicina-interna\/","name":"Medicina Interna - Doctor Palma","isPartOf":{"@id":"https:\/\/doctorpalma.cl\/#website"},"datePublished":"2018-04-24T15:01:58+00:00","dateModified":"2023-04-03T20:54:07+00:00","description":"Medicina InternaLa Medicina Interna es una especialidad m\u00e9dica que se centra en el diagn\u00f3stico y tratamiento de enfermedades en adultos.","breadcrumb":{"@id":"https:\/\/doctorpalma.cl\/index.php\/medicina-interna\/#breadcrumb"},"inLanguage":"es-CL","potentialAction":[{"@type":"ReadAction","target":["https:\/\/doctorpalma.cl\/index.php\/medicina-interna\/"]}]},{"@type":"BreadcrumbList","@id":"https:\/\/doctorpalma.cl\/index.php\/medicina-interna\/#breadcrumb","itemListElement":[{"@type":"ListItem","position":1,"name":"Portada","item":"https:\/\/doctorpalma.cl\/"},{"@type":"ListItem","position":2,"name":"Medicina Interna"}]},{"@type":"WebSite","@id":"https:\/\/doctorpalma.cl\/#website","url":"https:\/\/doctorpalma.cl\/","name":"Doctor Palma","description":"Medicina Interna","publisher":{"@id":"https:\/\/doctorpalma.cl\/#organization"},"potentialAction":[{"@type":"SearchAction","target":{"@type":"EntryPoint","urlTemplate":"https:\/\/doctorpalma.cl\/?s={search_term_string}"},"query-input":"required name=search_term_string"}],"inLanguage":"es-CL"},{"@type":"Organization","@id":"https:\/\/doctorpalma.cl\/#organization","name":"Doctor Palma","url":"https:\/\/doctorpalma.cl\/","logo":{"@type":"ImageObject","inLanguage":"es-CL","@id":"https:\/\/doctorpalma.cl\/#\/schema\/logo\/image\/","url":"https:\/\/doctorpalma.cl\/wp-content\/uploads\/2021\/11\/cropped-icon_doctor.png","contentUrl":"https:\/\/doctorpalma.cl\/wp-content\/uploads\/2021\/11\/cropped-icon_doctor.png","width":512,"height":512,"caption":"Doctor Palma"},"image":{"@id":"https:\/\/doctorpalma.cl\/#\/schema\/logo\/image\/"}}]}},"_links":{"self":[{"href":"https:\/\/doctorpalma.cl\/index.php\/wp-json\/wp\/v2\/pages\/1648"}],"collection":[{"href":"https:\/\/doctorpalma.cl\/index.php\/wp-json\/wp\/v2\/pages"}],"about":[{"href":"https:\/\/doctorpalma.cl\/index.php\/wp-json\/wp\/v2\/types\/page"}],"author":[{"embeddable":true,"href":"https:\/\/doctorpalma.cl\/index.php\/wp-json\/wp\/v2\/users\/1"}],"replies":[{"embeddable":true,"href":"https:\/\/doctorpalma.cl\/index.php\/wp-json\/wp\/v2\/comments?post=1648"}],"version-history":[{"count":9,"href":"https:\/\/doctorpalma.cl\/index.php\/wp-json\/wp\/v2\/pages\/1648\/revisions"}],"predecessor-version":[{"id":4696,"href":"https:\/\/doctorpalma.cl\/index.php\/wp-json\/wp\/v2\/pages\/1648\/revisions\/4696"}],"wp:featuredmedia":[{"embeddable":true,"href":"https:\/\/doctorpalma.cl\/index.php\/wp-json\/wp\/v2\/media\/4682"}],"wp:attachment":[{"href":"https:\/\/doctorpalma.cl\/index.php\/wp-json\/wp\/v2\/media?parent=1648"}],"curies":[{"name":"wp","href":"https:\/\/api.w.org\/{rel}","templated":true}]}}